{"id":579,"date":"2026-01-19T11:51:21","date_gmt":"2026-01-19T15:51:21","guid":{"rendered":"https:\/\/catapultame.com\/api\/?page_id=579"},"modified":"2026-01-27T14:51:37","modified_gmt":"2026-01-27T18:51:37","slug":"requisitos-para-crear-una-campana","status":"publish","type":"page","link":"https:\/\/catapultame.com\/api\/requisitos-para-crear-una-campana\/","title":{"rendered":"Requisitos para crear una campa\u00f1a"},"content":{"rendered":"\t\t<div data-elementor-type=\"wp-page\" data-elementor-id=\"579\" class=\"elementor elementor-579\" data-elementor-post-type=\"page\">\n\t\t\t\t<div class=\"elementor-element elementor-element-7faa451 e-flex e-con-boxed e-con e-parent\" data-id=\"7faa451\" data-element_type=\"container\" data-e-type=\"container\">\n\t\t\t\t\t<div class=\"e-con-inner\">\n\t\t\t\t<div class=\"elementor-element elementor-element-3de585d elementor-widget__width-inherit elementor-widget elementor-widget-image\" data-id=\"3de585d\" data-element_type=\"widget\" data-e-type=\"widget\" data-widget_type=\"image.default\">\n\t\t\t\t\t\t\t\t\t\t\t\t\t\t\t<img fetchpriority=\"high\" decoding=\"async\" width=\"900\" height=\"185\" src=\"https:\/\/catapultame.com\/api\/wp-content\/uploads\/2026\/01\/Captura-de-pantalla-2026-01-27-134256-1024x210.png\" class=\"attachment-large size-large wp-image-638\" alt=\"\" srcset=\"https:\/\/catapultame.com\/api\/wp-content\/uploads\/2026\/01\/Captura-de-pantalla-2026-01-27-134256-1024x210.png 1024w, https:\/\/catapultame.com\/api\/wp-content\/uploads\/2026\/01\/Captura-de-pantalla-2026-01-27-134256-600x123.png 600w, https:\/\/catapultame.com\/api\/wp-content\/uploads\/2026\/01\/Captura-de-pantalla-2026-01-27-134256-64x13.png 64w, https:\/\/catapultame.com\/api\/wp-content\/uploads\/2026\/01\/Captura-de-pantalla-2026-01-27-134256-768x157.png 768w, https:\/\/catapultame.com\/api\/wp-content\/uploads\/2026\/01\/Captura-de-pantalla-2026-01-27-134256.png 1224w\" sizes=\"(max-width: 900px) 100vw, 900px\" \/>\t\t\t\t\t\t\t\t\t\t\t\t\t\t\t<\/div>\n\t\t\t\t\t<\/div>\n\t\t\t\t<\/div>\n\t\t<div class=\"elementor-element elementor-element-a685a85 e-flex e-con-boxed e-con e-parent\" data-id=\"a685a85\" data-element_type=\"container\" data-e-type=\"container\">\n\t\t\t\t\t<div class=\"e-con-inner\">\n\t\t\t\t<div class=\"elementor-element elementor-element-bba141f elementor-widget elementor-widget-heading\" data-id=\"bba141f\" data-element_type=\"widget\" data-e-type=\"widget\" data-widget_type=\"heading.default\">\n\t\t\t\t\t<h2 class=\"elementor-heading-title elementor-size-default\">Requisitos<\/h2>\t\t\t\t<\/div>\n\t\t\t\t<div class=\"elementor-element elementor-element-3a60a7a elementor-widget elementor-widget-text-editor\" data-id=\"3a60a7a\" data-element_type=\"widget\" data-e-type=\"widget\" data-widget_type=\"text-editor.default\">\n\t\t\t\t\t\t\t\t\tPara aportar a campa\u00f1as publicadas en Catapulta.me, solo debes tener una tarjeta de cr\u00e9dito o d\u00e9bito, sin embargo, si luego de apoyar a grandes ideas para que llegasen a ser empresas, quieres iniciar tu propio camino de conversi\u00f3n y crear tu campa\u00f1a en Catapulta.me, debes considerar algunos elementos. \t\t\t\t\t\t\t\t<\/div>\n\t\t\t\t<div class=\"elementor-element elementor-element-917999b elementor-widget elementor-widget-heading\" data-id=\"917999b\" data-element_type=\"widget\" data-e-type=\"widget\" data-widget_type=\"heading.default\">\n\t\t\t\t\t<h3 class=\"elementor-heading-title elementor-size-default\">Existen 10 requisitos para crear una campa\u00f1a:<\/h3>\t\t\t\t<\/div>\n\t\t\t\t<div class=\"elementor-element elementor-element-072d311 elementor-icon-list--layout-traditional elementor-list-item-link-full_width elementor-widget elementor-widget-icon-list\" data-id=\"072d311\" data-element_type=\"widget\" data-e-type=\"widget\" data-widget_type=\"icon-list.default\">\n\t\t\t\t\t\t\t<ul class=\"elementor-icon-list-items\">\n\t\t\t\t\t\t\t<li class=\"elementor-icon-list-item\">\n\t\t\t\t\t\t\t\t\t\t<span class=\"elementor-icon-list-text\">1. Ser Chileno o extranjero residente en Chile.<\/span>\n\t\t\t\t\t\t\t\t\t<\/li>\n\t\t\t\t\t\t\t\t<li class=\"elementor-icon-list-item\">\n\t\t\t\t\t\t\t\t\t\t<span class=\"elementor-icon-list-text\">2. Ser mayor de 18 a\u00f1os o tener un apoderado que acceda a presentar la campa\u00f1a por ti.<\/span>\n\t\t\t\t\t\t\t\t\t<\/li>\n\t\t\t\t\t\t\t\t<li class=\"elementor-icon-list-item\">\n\t\t\t\t\t\t\t\t\t\t<span class=\"elementor-icon-list-text\">3. Tener una cuenta de banco propia o de una empresa.<\/span>\n\t\t\t\t\t\t\t\t\t<\/li>\n\t\t\t\t\t\t\t\t<li class=\"elementor-icon-list-item\">\n\t\t\t\t\t\t\t\t\t\t<span class=\"elementor-icon-list-text\">4. Ingresar un RUT de empresa o persona responsable de la campa\u00f1a.<\/span>\n\t\t\t\t\t\t\t\t\t<\/li>\n\t\t\t\t\t\t\t\t<li class=\"elementor-icon-list-item\">\n\t\t\t\t\t\t\t\t\t\t<span class=\"elementor-icon-list-text\">5. Crear un video donde se explica la campa\u00f1a.<\/span>\n\t\t\t\t\t\t\t\t\t<\/li>\n\t\t\t\t\t\t\t\t<li class=\"elementor-icon-list-item\">\n\t\t\t\t\t\t\t\t\t\t<span class=\"elementor-icon-list-text\">6. Que la campa\u00f1a sea del tipo de \"recompensa\" dirigida a un cliente final, que est\u00e1 invitado a consumir (Catapultame no acepta campa\u00f1as de Donaci\u00f3n ni campa\u00f1as que buscan una donaci\u00f3n disimulada).<\/span>\n\t\t\t\t\t\t\t\t\t<\/li>\n\t\t\t\t\t\t\t\t<li class=\"elementor-icon-list-item\">\n\t\t\t\t\t\t\t\t\t\t<span class=\"elementor-icon-list-text\">7. Tener un plan de difusi\u00f3n y actividades de promoci\u00f3n, durante los d\u00edas de la campa\u00f1a, si no se difunde la campa\u00f1a, va a terminar en cero y va a ser desactivada antes cuando pase una semana sin aportes.<\/span>\n\t\t\t\t\t\t\t\t\t<\/li>\n\t\t\t\t\t\t\t\t<li class=\"elementor-icon-list-item\">\n\t\t\t\t\t\t\t\t\t\t<span class=\"elementor-icon-list-text\">8. Que todas las recompensas sean legales de vender a todo p\u00fablico bajo la ley Chilena<\/span>\n\t\t\t\t\t\t\t\t\t<\/li>\n\t\t\t\t\t\t\t\t<li class=\"elementor-icon-list-item\">\n\t\t\t\t\t\t\t\t\t\t<span class=\"elementor-icon-list-text\">9. Haber aportado antes a alguna campa\u00f1a en Catapulta.me<\/span>\n\t\t\t\t\t\t\t\t\t<\/li>\n\t\t\t\t\t\t\t\t<li class=\"elementor-icon-list-item\">\n\t\t\t\t\t\t\t\t\t\t<span class=\"elementor-icon-list-text\">10. Tener la capacidad de entregar las recompensas que se prometen. La plataforma se reserva el derecho de activar o no campa\u00f1as sin expresar motivos.<\/span>\n\t\t\t\t\t\t\t\t\t<\/li>\n\t\t\t\t\t\t<\/ul>\n\t\t\t\t\t\t<\/div>\n\t\t\t\t<div class=\"elementor-element elementor-element-e5ff9f7 elementor-icon-list--layout-traditional elementor-list-item-link-full_width elementor-widget elementor-widget-icon-list\" data-id=\"e5ff9f7\" data-element_type=\"widget\" data-e-type=\"widget\" data-widget_type=\"icon-list.default\">\n\t\t\t\t\t\t\t<ul class=\"elementor-icon-list-items\">\n\t\t\t\t\t\t\t<li class=\"elementor-icon-list-item\">\n\t\t\t\t\t\t\t\t\t\t\t<span class=\"elementor-icon-list-icon\">\n\t\t\t\t\t\t\t<svg aria-hidden=\"true\" class=\"e-font-icon-svg e-fas-bell\" viewBox=\"0 0 448 512\" xmlns=\"http:\/\/www.w3.org\/2000\/svg\"><path d=\"M224 512c35.32 0 63.97-28.65 63.97-64H160.03c0 35.35 28.65 64 63.97 64zm215.39-149.71c-19.32-20.76-55.47-51.99-55.47-154.29 0-77.7-54.48-139.9-127.94-155.16V32c0-17.67-14.32-32-31.98-32s-31.98 14.33-31.98 32v20.84C118.56 68.1 64.08 130.3 64.08 208c0 102.3-36.15 133.53-55.47 154.29-6 6.45-8.66 14.16-8.61 21.71.11 16.4 12.98 32 32.1 32h383.8c19.12 0 32-15.6 32.1-32 .05-7.55-2.61-15.27-8.61-21.71z\"><\/path><\/svg>\t\t\t\t\t\t<\/span>\n\t\t\t\t\t\t\t\t\t\t<span class=\"elementor-icon-list-text\">El no cumplimiento de alguno de estos 10 requisitos, implica que su campa\u00f1a no va a ser aceptada en Catapulta.me<\/span>\n\t\t\t\t\t\t\t\t\t<\/li>\n\t\t\t\t\t\t<\/ul>\n\t\t\t\t\t\t<\/div>\n\t\t\t\t\t<\/div>\n\t\t\t\t<\/div>\n\t\t\t\t<\/div>\n\t\t","protected":false},"excerpt":{"rendered":"<p>Requisitos Para aportar a campa\u00f1as publicadas en Catapulta.me, solo debes tener una tarjeta de cr\u00e9dito o d\u00e9bito, sin embargo, si luego de apoyar a grandes ideas para que llegasen a [&hellip;]<\/p>\n","protected":false},"author":2,"featured_media":0,"parent":0,"menu_order":0,"comment_status":"closed","ping_status":"closed","template":"","meta":{"footnotes":""},"class_list":["post-579","page","type-page","status-publish","hentry"],"wpcf_dashboard":"<div class=\"woocommerce\"><div class=\"woocommerce-info\">Por favor, \u00bfaccedes primero? <a class=\"wpneoShowLogin\" href=\"#\">Haz clic aqu\u00ed para acceder<\/a><\/div><div class=\"wpneo_login_form_div\" style=\"display: none;\"><form name=\"loginform\" id=\"loginform\" action=\"https:\/\/catapultame.com\/api\/wp-login.php\" method=\"post\"><p class=\"login-username\">\n\t\t\t\t<label for=\"user_login\">Nombre de usuario o correo electr\u00f3nico<\/label>\n\t\t\t\t<input type=\"text\" name=\"log\" id=\"user_login\" autocomplete=\"username\" class=\"input\" value=\"\" size=\"20\" \/>\n\t\t\t<\/p><p class=\"login-password\">\n\t\t\t\t<label for=\"user_pass\">Contrase\u00f1a<\/label>\n\t\t\t\t<input type=\"password\" name=\"pwd\" id=\"user_pass\" autocomplete=\"current-password\" spellcheck=\"false\" class=\"input\" value=\"\" size=\"20\" \/>\n\t\t\t<\/p><p class=\"login-remember\"><label><input name=\"rememberme\" type=\"checkbox\" id=\"rememberme\" value=\"forever\" \/> Recu\u00e9rdame<\/label><\/p><p class=\"login-submit\">\n\t\t\t\t<input type=\"submit\" name=\"wp-submit\" id=\"wp-submit\" class=\"button button-primary\" value=\"Iniciar sesi\u00f3n\" \/>\n\t\t\t\t<input type=\"hidden\" name=\"redirect_to\" value=\"https:\/\/catapultame.com\/api\/wp-json\/wp\/v2\/pages\/579\" \/>\n\t\t\t<\/p><\/form><\/div><\/div>","_links":{"self":[{"href":"https:\/\/catapultame.com\/api\/wp-json\/wp\/v2\/pages\/579","targetHints":{"allow":["GET"]}}],"collection":[{"href":"https:\/\/catapultame.com\/api\/wp-json\/wp\/v2\/pages"}],"about":[{"href":"https:\/\/catapultame.com\/api\/wp-json\/wp\/v2\/types\/page"}],"author":[{"embeddable":true,"href":"https:\/\/catapultame.com\/api\/wp-json\/wp\/v2\/users\/2"}],"replies":[{"embeddable":true,"href":"https:\/\/catapultame.com\/api\/wp-json\/wp\/v2\/comments?post=579"}],"version-history":[{"count":7,"href":"https:\/\/catapultame.com\/api\/wp-json\/wp\/v2\/pages\/579\/revisions"}],"predecessor-version":[{"id":644,"href":"https:\/\/catapultame.com\/api\/wp-json\/wp\/v2\/pages\/579\/revisions\/644"}],"wp:attachment":[{"href":"https:\/\/catapultame.com\/api\/wp-json\/wp\/v2\/media?parent=579"}],"curies":[{"name":"wp","href":"https:\/\/api.w.org\/{rel}","templated":true}]}}